{"id":134,"date":"2019-03-21T10:09:37","date_gmt":"2019-03-21T10:09:37","guid":{"rendered":"https:\/\/demo.siteorigin.com\/premium\/?page_id=134"},"modified":"2023-09-03T09:17:33","modified_gmt":"2023-09-03T09:17:33","slug":"web-font-selector","status":"publish","type":"page","link":"https:\/\/demo.siteorigin.com\/premium\/web-font-selector\/","title":{"rendered":"Web Font Selector"},"content":{"rendered":"<div id=\"pl-134\"  class=\"panel-layout\" ><div id=\"pg-134-0\"  class=\"panel-grid panel-no-style\" ><div id=\"pgc-134-0-0\"  class=\"panel-grid-cell\" ><div id=\"panel-134-0-0-0\" class=\"so-panel widget widget_sow-editor panel-first-child panel-last-child\" data-index=\"0\" ><div\n\t\t\t\n\t\t\tclass=\"so-widget-sow-editor so-widget-sow-editor-base\"\n\t\t\t\n\t\t>\n<div class=\"siteorigin-widget-tinymce textwidget\">\n\t<p>If you\u2019d like to select fonts independently from theme settings, the Web Font Selector is a perfect addition to your content creation and editing process. The <a href=\"https:\/\/siteorigin.com\/downloads\/premium\/?featured_addon=plugin\/web-font-selector\" target=\"_blank\" rel=\"noopener\">SiteOrigin Premium Web Font Selector<\/a> adds web-safe and Google Web Fonts to the SiteOrigin Editor widget and other widgets making use of the TinyMCE editor. Below you'll find a small sample of the <a href=\"https:\/\/fonts.google.com\/\" target=\"_blank\" rel=\"noopener\">fonts available for selection<\/a>.<\/p>\n<\/div>\n<\/div><\/div><\/div><\/div><div id=\"pg-134-1\"  class=\"panel-grid panel-no-style\" ><div id=\"pgc-134-1-0\"  class=\"panel-grid-cell\" ><div class=\"panel-cell-style panel-cell-style-for-134-1-0\" ><div id=\"panel-134-1-0-0\" class=\"so-panel widget widget_sow-editor panel-first-child panel-last-child\" data-index=\"1\" ><div class=\"panel-widget-style panel-widget-style-for-134-1-0-0\" ><div\n\t\t\t\n\t\t\tclass=\"so-widget-sow-editor so-widget-sow-editor-base\"\n\t\t\t\n\t\t><h3 class=\"widget-title\">Roboto<\/h3>\n<div class=\"siteorigin-widget-tinymce textwidget\">\n\t<p><span class=\"so-premium-web-font\" style=\"font-family: Roboto, sans-serif;\" data-web-font-module=\"google\" data-font-info=\"{&quot;font&quot;:&quot;Roboto&quot;,&quot;webfont&quot;:true,&quot;category&quot;:&quot;sans-serif&quot;,&quot;variant&quot;:&quot;regular&quot;,&quot;module&quot;:&quot;google&quot;}\">Iceland (Icelandic: \u00cdsland [\u02c8istlant])is a Nordic island country in the North Atlantic, with a population of 348,580 and an area of 103,000 km2 (40,000 sq mi), making it the most sparsely populated country in Europe. The capital and largest city is Reykjav\u00edk, with Reykjav\u00edk and the surrounding areas in the southwest of the country being home to over two-thirds of the population. Iceland is volcanically and geologically active.<\/span><\/p>\n<\/div>\n<\/div><\/div><\/div><\/div><\/div><div id=\"pgc-134-1-1\"  class=\"panel-grid-cell\" ><div class=\"panel-cell-style panel-cell-style-for-134-1-1\" ><div id=\"panel-134-1-1-0\" class=\"so-panel widget widget_sow-editor panel-first-child panel-last-child\" data-index=\"2\" ><div class=\"panel-widget-style panel-widget-style-for-134-1-1-0\" ><div\n\t\t\t\n\t\t\tclass=\"so-widget-sow-editor so-widget-sow-editor-base\"\n\t\t\t\n\t\t><h3 class=\"widget-title\">Open Sans<\/h3>\n<div class=\"siteorigin-widget-tinymce textwidget\">\n\t<p><span class=\"so-premium-web-font\" style=\"font-family: 'Open Sans', sans-serif;\" data-web-font-module=\"google\" data-font-info=\"{&quot;font&quot;:&quot;Open Sans&quot;,&quot;webfont&quot;:true,&quot;category&quot;:&quot;sans-serif&quot;,&quot;variant&quot;:&quot;regular&quot;,&quot;module&quot;:&quot;google&quot;}\">The interior consists of a plateau characterised by sand and lava fields, mountains, and glaciers, and many glacial rivers flow to the sea through the lowlands. Iceland is warmed by the Gulf Stream and has a temperate climate, despite a high latitude just outside the Arctic Circle. Its high latitude and marine influence keep summers chilly, with most of the archipelago having a tundra climate.<\/span><\/p>\n<\/div>\n<\/div><\/div><\/div><\/div><\/div><\/div><div id=\"pg-134-2\"  class=\"panel-grid panel-no-style\" ><div id=\"pgc-134-2-0\"  class=\"panel-grid-cell\" ><div class=\"panel-cell-style panel-cell-style-for-134-2-0\" ><div id=\"panel-134-2-0-0\" class=\"so-panel widget widget_sow-editor panel-first-child panel-last-child\" data-index=\"3\" ><div class=\"panel-widget-style panel-widget-style-for-134-2-0-0\" ><div\n\t\t\t\n\t\t\tclass=\"so-widget-sow-editor so-widget-sow-editor-base\"\n\t\t\t\n\t\t><h3 class=\"widget-title\">Lato<\/h3>\n<div class=\"siteorigin-widget-tinymce textwidget\">\n\t<p><span class=\"so-premium-web-font\" style=\"font-family: Lato, sans-serif;\" data-web-font-module=\"google\" data-font-info=\"{&quot;font&quot;:&quot;Lato&quot;,&quot;webfont&quot;:true,&quot;category&quot;:&quot;sans-serif&quot;,&quot;variant&quot;:&quot;regular&quot;,&quot;module&quot;:&quot;google&quot;}\">According to the ancient manuscript Landn\u00e1mab\u00f3k, the settlement of Iceland began in 874 AD when the Norwegian chieftain Ing\u00f3lfr Arnarson became the first permanent settler on the island. In the following centuries, Norwegians, and to a lesser extent other Scandinavians, emigrated to Iceland, bringing with them thralls (i.e., slaves or serfs) of Gaelic origin. The island was governed as an independent commonwealth under the Althing, one of the world's oldest functioning legislative assemblies.<\/span><\/p>\n<\/div>\n<\/div><\/div><\/div><\/div><\/div><div id=\"pgc-134-2-1\"  class=\"panel-grid-cell\" ><div class=\"panel-cell-style panel-cell-style-for-134-2-1\" ><div id=\"panel-134-2-1-0\" class=\"so-panel widget widget_sow-editor panel-first-child panel-last-child\" data-index=\"4\" ><div class=\"panel-widget-style panel-widget-style-for-134-2-1-0\" ><div\n\t\t\t\n\t\t\tclass=\"so-widget-sow-editor so-widget-sow-editor-base\"\n\t\t\t\n\t\t><h3 class=\"widget-title\">Slabo 27px<\/h3>\n<div class=\"siteorigin-widget-tinymce textwidget\">\n\t<p><span class=\"so-premium-web-font\" style=\"font-family: 'Slabo 27px', serif;\" data-web-font-module=\"google\" data-font-info=\"{&quot;font&quot;:&quot;Slabo 27px&quot;,&quot;webfont&quot;:true,&quot;category&quot;:&quot;serif&quot;,&quot;variant&quot;:&quot;regular&quot;,&quot;module&quot;:&quot;google&quot;}\">Following a period of civil strife, Iceland acceded to Norwegian rule in the 13th century. The establishment of the Kalmar Union in 1397 united the kingdoms of Norway, Denmark, and Sweden. Iceland thus followed Norway's integration into that union, coming under Danish rule after Sweden's secession from the union in 1523. Although the Danish kingdom introduced Lutheranism forcefully in 1550, Iceland remained a distant semi-colonial territory in which Danish institutions and infrastructures were conspicuous by their absence.<\/span><\/p>\n<\/div>\n<\/div><\/div><\/div><\/div><\/div><\/div><div id=\"pg-134-3\"  class=\"panel-grid panel-no-style\" ><div id=\"pgc-134-3-0\"  class=\"panel-grid-cell\" ><div class=\"panel-cell-style panel-cell-style-for-134-3-0\" ><div id=\"panel-134-3-0-0\" class=\"so-panel widget widget_sow-editor panel-first-child panel-last-child\" data-index=\"5\" ><div class=\"panel-widget-style panel-widget-style-for-134-3-0-0\" ><div\n\t\t\t\n\t\t\tclass=\"so-widget-sow-editor so-widget-sow-editor-base\"\n\t\t\t\n\t\t><h3 class=\"widget-title\">Oswald<\/h3>\n<div class=\"siteorigin-widget-tinymce textwidget\">\n\t<p><span class=\"so-premium-web-font\" style=\"font-family: Oswald, sans-serif;\" data-web-font-module=\"google\" data-font-info=\"{&quot;font&quot;:&quot;Oswald&quot;,&quot;webfont&quot;:true,&quot;category&quot;:&quot;sans-serif&quot;,&quot;variant&quot;:&quot;regular&quot;,&quot;module&quot;:&quot;google&quot;}\">In the wake of the French Revolution and the Napoleonic Wars, Iceland's struggle for independence took form and culminated in independence in 1918 and the founding of a republic in 1944. Until the 20th century, Iceland relied largely on subsistence fishing and agriculture, and was among the poorest countries in Europe. Industrialisation of the fisheries and Marshall Plan aid following World War II brought prosperity and Iceland became one of the wealthiest and most developed nations in the world. In 1994, it became a part of the European Economic Area, which further diversified the economy into sectors such as finance, biotechnology, and manufacturing.<\/span><\/p>\n<\/div>\n<\/div><\/div><\/div><\/div><\/div><div id=\"pgc-134-3-1\"  class=\"panel-grid-cell\" ><div class=\"panel-cell-style panel-cell-style-for-134-3-1\" ><div id=\"panel-134-3-1-0\" class=\"so-panel widget widget_sow-editor panel-first-child panel-last-child\" data-index=\"6\" ><div class=\"panel-widget-style panel-widget-style-for-134-3-1-0\" ><div\n\t\t\t\n\t\t\tclass=\"so-widget-sow-editor so-widget-sow-editor-base\"\n\t\t\t\n\t\t><h3 class=\"widget-title\">Roboto Condensed<\/h3>\n<div class=\"siteorigin-widget-tinymce textwidget\">\n\t<p><span class=\"so-premium-web-font\" style=\"font-family: 'Roboto Condensed', sans-serif;\" data-web-font-module=\"google\" data-font-info=\"{&quot;font&quot;:&quot;Roboto Condensed&quot;,&quot;webfont&quot;:true,&quot;category&quot;:&quot;sans-serif&quot;,&quot;variant&quot;:&quot;regular&quot;,&quot;module&quot;:&quot;google&quot;}\">Iceland has a market economy with relatively low taxes, compared to other OECD countries. It maintains a Nordic social welfare system that provides universal health care and tertiary education for its citizens. Iceland ranks high in economic, democratic, social stability, and equality, currently ranking first in the world by median wealth per adult. In 2018, it was ranked as the sixth most developed country in the world by the United Nations' Human Development Index, and it ranks first on the Global Peace Index. Iceland runs almost completely on renewable energy.<\/span><\/p>\n<\/div>\n<\/div><\/div><\/div><\/div><\/div><\/div><div id=\"pg-134-4\"  class=\"panel-grid panel-no-style\" ><div id=\"pgc-134-4-0\"  class=\"panel-grid-cell\" ><div class=\"panel-cell-style panel-cell-style-for-134-4-0\" ><div id=\"panel-134-4-0-0\" class=\"so-panel widget widget_sow-editor panel-first-child panel-last-child\" data-index=\"7\" ><div class=\"panel-widget-style panel-widget-style-for-134-4-0-0\" ><div\n\t\t\t\n\t\t\tclass=\"so-widget-sow-editor so-widget-sow-editor-base\"\n\t\t\t\n\t\t><h3 class=\"widget-title\">Source Sans Pro<\/h3>\n<div class=\"siteorigin-widget-tinymce textwidget\">\n\t<p><span class=\"so-premium-web-font\" style=\"font-family: 'Source Sans Pro', sans-serif;\" data-web-font-module=\"google\" data-font-info=\"{&quot;font&quot;:&quot;Source Sans Pro&quot;,&quot;webfont&quot;:true,&quot;category&quot;:&quot;sans-serif&quot;,&quot;variant&quot;:&quot;regular&quot;,&quot;module&quot;:&quot;google&quot;}\">Hit hard by the worldwide financial crisis, the nation's entire banking system systemically failed in October 2008, leading to a severe depression, substantial political unrest, the Icesave dispute, and the institution of capital controls. Some bankers were jailed. Since then, the economy has made a significant recovery, in large part due to a surge in tourism. A law that took effect in 2018 makes it illegal in Iceland for women to be paid less than men.<\/span><\/p>\n<\/div>\n<\/div><\/div><\/div><\/div><\/div><div id=\"pgc-134-4-1\"  class=\"panel-grid-cell\" ><div class=\"panel-cell-style panel-cell-style-for-134-4-1\" ><div id=\"panel-134-4-1-0\" class=\"so-panel widget widget_sow-editor panel-first-child panel-last-child\" data-index=\"8\" ><div class=\"panel-widget-style panel-widget-style-for-134-4-1-0\" ><div\n\t\t\t\n\t\t\tclass=\"so-widget-sow-editor so-widget-sow-editor-base\"\n\t\t\t\n\t\t><h3 class=\"widget-title\">Montserrat<\/h3>\n<div class=\"siteorigin-widget-tinymce textwidget\">\n\t<p><span class=\"so-premium-web-font\" style=\"font-family: Montserrat, sans-serif;\" data-web-font-module=\"google\" data-font-info=\"{&quot;font&quot;:&quot;Montserrat&quot;,&quot;webfont&quot;:true,&quot;category&quot;:&quot;sans-serif&quot;,&quot;variant&quot;:&quot;regular&quot;,&quot;module&quot;:&quot;google&quot;}\">Icelandic culture is founded upon the nation's Scandinavian heritage. Most Icelanders are descendants of Norse and Gaelic settlers. Icelandic, a North Germanic language, is descended from Old West Norse and is closely related to Faroese and West Norwegian dialects. The country's cultural heritage includes traditional Icelandic cuisine, Icelandic literature, and medieval sagas. Iceland has the smallest population of any NATO member and is the only one with no standing army, with a lightly armed coast guard.<\/span><\/p>\n<\/div>\n<\/div><\/div><\/div><\/div><\/div><\/div><div id=\"pg-134-5\"  class=\"panel-grid panel-no-style\" ><div id=\"pgc-134-5-0\"  class=\"panel-grid-cell\" ><div class=\"panel-cell-style panel-cell-style-for-134-5-0\" ><div id=\"panel-134-5-0-0\" class=\"so-panel widget widget_sow-editor panel-first-child panel-last-child\" data-index=\"9\" ><div class=\"panel-widget-style panel-widget-style-for-134-5-0-0\" ><div\n\t\t\t\n\t\t\tclass=\"so-widget-sow-editor so-widget-sow-editor-base\"\n\t\t\t\n\t\t><h3 class=\"widget-title\">Raleway<\/h3>\n<div class=\"siteorigin-widget-tinymce textwidget\">\n\t<p><span class=\"so-premium-web-font\" style=\"font-family: Raleway, sans-serif;\" data-web-font-module=\"google\" data-font-info=\"{&quot;font&quot;:&quot;Raleway&quot;,&quot;webfont&quot;:true,&quot;category&quot;:&quot;sans-serif&quot;,&quot;variant&quot;:&quot;regular&quot;,&quot;module&quot;:&quot;google&quot;}\">The Sagas of Icelanders say that a Norwegian named Naddodd (or Naddador) was the first Norseman to reach Iceland, and in the 9th century he named it Sn\u00e6land or \"snow land\" because it was snowing. Following Naddodd, the Swede Gar\u00f0ar Svavarsson arrived, and so the island was then called Gar\u00f0arsh\u00f3lmur which means \"Gar\u00f0ar's Isle\".<\/span><\/p>\n<\/div>\n<\/div><\/div><\/div><\/div><\/div><div id=\"pgc-134-5-1\"  class=\"panel-grid-cell\" ><div class=\"panel-cell-style panel-cell-style-for-134-5-1\" ><div id=\"panel-134-5-1-0\" class=\"so-panel widget widget_sow-editor panel-first-child panel-last-child\" data-index=\"10\" ><div class=\"panel-widget-style panel-widget-style-for-134-5-1-0\" ><div\n\t\t\t\n\t\t\tclass=\"so-widget-sow-editor so-widget-sow-editor-base\"\n\t\t\t\n\t\t><h3 class=\"widget-title\">PT Sans<\/h3>\n<div class=\"siteorigin-widget-tinymce textwidget\">\n\t<p><span class=\"so-premium-web-font\" style=\"font-family: 'PT Sans', sans-serif;\" data-web-font-module=\"google\" data-font-info=\"{&quot;font&quot;:&quot;PT Sans&quot;,&quot;webfont&quot;:true,&quot;category&quot;:&quot;sans-serif&quot;,&quot;variant&quot;:&quot;regular&quot;,&quot;module&quot;:&quot;google&quot;}\">Then came a Viking named Fl\u00f3ki Vilger\u00f0arson; his daughter drowned en route, then his livestock starved to death. The sagas say that the rather despondent Fl\u00f3ki climbed a mountain and saw a fjord (Arnarfj\u00f6r\u00f0ur) full of icebergs, which led him to give the island its new and present name. The notion that Iceland's Viking settlers chose that name to discourage oversettlement of their verdant isle is a myth.<\/span><\/p>\n<\/div>\n<\/div><\/div><\/div><\/div><\/div><\/div><\/div>","protected":false},"excerpt":{"rendered":"<p>If you\u2019d like to select fonts independently from theme settings, the Web Font Selector is a perfect addition to your content creation and editing process. The SiteOrigin Premium Web Font Selector adds web-safe and Google Web Fonts to the SiteOrigin Editor widget and other widgets making use of the TinyMCE editor. Below you&#8217;ll find a [&hellip;]<\/p>\n","protected":false},"author":3,"featured_media":0,"parent":0,"menu_order":0,"comment_status":"closed","ping_status":"closed","template":"","meta":{"inline_featured_image":false,"footnotes":""},"class_list":["post-134","page","type-page","status-publish","hentry","post"],"_links":{"self":[{"href":"https:\/\/demo.siteorigin.com\/premium\/wp-json\/wp\/v2\/pages\/134","targetHints":{"allow":["GET"]}}],"collection":[{"href":"https:\/\/demo.siteorigin.com\/premium\/wp-json\/wp\/v2\/pages"}],"about":[{"href":"https:\/\/demo.siteorigin.com\/premium\/wp-json\/wp\/v2\/types\/page"}],"author":[{"embeddable":true,"href":"https:\/\/demo.siteorigin.com\/premium\/wp-json\/wp\/v2\/users\/3"}],"replies":[{"embeddable":true,"href":"https:\/\/demo.siteorigin.com\/premium\/wp-json\/wp\/v2\/comments?post=134"}],"version-history":[{"count":1,"href":"https:\/\/demo.siteorigin.com\/premium\/wp-json\/wp\/v2\/pages\/134\/revisions"}],"predecessor-version":[{"id":3772,"href":"https:\/\/demo.siteorigin.com\/premium\/wp-json\/wp\/v2\/pages\/134\/revisions\/3772"}],"wp:attachment":[{"href":"https:\/\/demo.siteorigin.com\/premium\/wp-json\/wp\/v2\/media?parent=134"}],"curies":[{"name":"wp","href":"https:\/\/api.w.org\/{rel}","templated":true}]}}